{"id":1493,"date":"2025-03-12T13:05:37","date_gmt":"2025-03-12T13:05:37","guid":{"rendered":"https:\/\/echosdumouhoun.net\/?page_id=1493"},"modified":"2025-03-12T14:13:04","modified_gmt":"2025-03-12T14:13:04","slug":"reportages-videos","status":"publish","type":"page","link":"https:\/\/echosdumouhoun.net\/index.php\/reportages-videos\/","title":{"rendered":"Reportages vid\u00e9os"},"content":{"rendered":"\t\t\t<div \n\t\t\tclass=\"yotu-playlist yotuwp yotu-limit-min   yotu-thumb-169  yotu-template-grid\" \n\t\t\tdata-page=\"1\"\n\t\t\tid=\"yotuwp-69e1f00211130\"\n\t\t\tdata-yotu=\"modal\"\n\t\t\tdata-total=\"4\"\n\t\t\tdata-settings=\"eyJ0eXBlIjoicGxheWxpc3QiLCJpZCI6IlVVV2I0ZkF4WWQ2ZzJSRDA0cVplMHBXdyIsInBhZ2luYXRpb24iOiJvbiIsInBhZ2l0eXBlIjoicGFnZXIiLCJjb2x1bW4iOiI0IiwicGVyX3BhZ2UiOiIyNCIsInRlbXBsYXRlIjoiZ3JpZCIsInRpdGxlIjoib24iLCJkZXNjcmlwdGlvbiI6Im9mZiIsInRodW1icmF0aW8iOiIxNjkiLCJtZXRhIjoib2ZmIiwibWV0YV9kYXRhIjoib2ZmIiwibWV0YV9wb3NpdGlvbiI6Im9mZiIsImRhdGVfZm9ybWF0Ijoib2ZmIiwibWV0YV9hbGlnbiI6Im9mZiIsInN1YnNjcmliZSI6Im9mZiIsImR1cmF0aW9uIjoib2ZmIiwibWV0YV9pY29uIjoib2ZmIiwibmV4dHRleHQiOiIiLCJwcmV2dGV4dCI6IiIsImxvYWRtb3JldGV4dCI6IiIsInBsYXllciI6eyJtb2RlIjoicG9wdXAiLCJ3aWR0aCI6IjYwMCIsInNjcm9sbGluZyI6IjEwMCIsImF1dG9wbGF5IjowLCJjb250cm9scyI6MSwibW9kZXN0YnJhbmRpbmciOjEsImxvb3AiOjAsImF1dG9uZXh0IjowLCJzaG93aW5mbyI6MSwicmVsIjowLCJwbGF5aW5nIjowLCJwbGF5aW5nX2Rlc2NyaXB0aW9uIjowLCJ0aHVtYm5haWxzIjowLCJjY19sb2FkX3BvbGljeSI6IjEiLCJjY19sYW5nX3ByZWYiOiIxIiwiaGwiOiIiLCJpdl9sb2FkX3BvbGljeSI6IjEifSwibGFzdF90YWIiOiJzZXR0aW5ncyIsInVzZV9hc19tb2RhbCI6Im9mZiIsIm1vZGFsX2lkIjoib2ZmIiwibGFzdF91cGRhdGUiOiIxNzQxNzkxNDIxIiwic3R5bGluZyI6eyJwYWdlcl9sYXlvdXQiOiJkZWZhdWx0IiwiYnV0dG9uIjoiMSIsImJ1dHRvbl9jb2xvciI6IiNmOWY5ZjkiLCJidXR0b25fYmdfY29sb3IiOiIjMjE3YWQzIiwiYnV0dG9uX2NvbG9yX2hvdmVyIjoiIzI1NjBlYSIsImJ1dHRvbl9iZ19jb2xvcl9ob3ZlciI6IiIsInZpZGVvX3N0eWxlIjoiYWJuYiIsInBsYXlpY29uX2NvbG9yIjoiIiwiaG92ZXJfaWNvbiI6IiIsImdhbGxlcnlfYmciOiIifSwiZWZmZWN0cyI6eyJ2aWRlb19ib3giOiIiLCJmbGlwX2VmZmVjdCI6IiJ9LCJnYWxsZXJ5X2lkIjoiNjllMWYwMDIxMTEzMCIsIm5leHQiOiJFQUFhSGxCVU9rTkNaMmxGUlVwRFVtdE5lazVyU2tkT1ZWSkdUVlJKTWsxVVp3IiwicHJldiI6IiJ9\"\n\t\t\tdata-player=\"popup\"\n\t\t\tdata-showdesc=\"off\" >\n\t\t\t\t<div>\n\t\t\t\t\t<div class=\"yotu-pagination yotu-pager_layout-default yotu-pagination-top\">\n<a href=\"#\" class=\"yotu-pagination-prev yotu-button-prs yotu-button-prs-1\" data-page=\"prev\">Prev<\/a>\n<span class=\"yotu-pagination-current\">1<\/span> <span>of<\/span> <span class=\"yotu-pagination-total\">4<\/span>\n<a href=\"#\" class=\"yotu-pagination-next yotu-button-prs yotu-button-prs-1\" data-page=\"next\">Next<\/a>\n<\/div>\n<div class=\"yotu-videos yotu-mode-grid yotu-preset yotu-preset-abnb yotu-column-4 yotu-player-mode-popup\">\n\t<ul>\n\t\t\t\t\t<li class=\" yotu-first\">\n\t\t\t\t\t\t\t\t<a href=\"#xtiE3f9ORqM\" class=\"yotu-video\" data-videoid=\"xtiE3f9ORqM\" data-title=\"D\u00e9dougou : Journ\u00e9e de sensibilisation de la CSB pour la ratification de la convention 190\/ OIT\" title=\"D\u00e9dougou : Journ\u00e9e de sensibilisation de la CSB pour la ratification de la convention 190\/ OIT\">\n\t\t\t\t\t<div class=\"yotu-video-thumb-wrp\">\n\t\t\t\t\t\t<div>\n\t\t\t\t\t\t\t\t\t\t\t\t\t\t<img decoding=\"async\" class=\"yotu-video-thumb\" src=\"https:\/\/i.ytimg.com\/vi\/xtiE3f9ORqM\/sddefault.jpg\" alt=\"D\u00e9dougou : Journ\u00e9e de sensibilisation de la CSB pour la ratification de la convention 190\/ OIT\">\t\n\t\t\t\t\t\t\t\t\t\t\t\t\t<\/div>\n\t\t\t\t\t<\/div>\n\t\t\t\t\t\t\t\t\t\t\t<h3 class=\"yotu-video-title\">D\u00e9dougou : Journ\u00e9e de sensibilisation de la CSB pour la ratification de la convention 190\/ OIT<\/h3>\n\t\t\t\t\t\t\t\t\t\t\t\t\t\t\t\t\t\t\t<\/a>\n\t\t\t\t\t\t\t<\/li>\n\t\t\t\t\n\t\t\t\t\t\t<li class=\"\">\n\t\t\t\t\t\t\t\t<a href=\"#A28r278-o6U\" class=\"yotu-video\" data-videoid=\"A28r278-o6U\" data-title=\"Fili\u00e8re avicole\/Mouhoun : les acteurs s\u2019accordent pour la cr\u00e9ation d\u2019une structure associative\" title=\"Fili\u00e8re avicole\/Mouhoun : les acteurs s\u2019accordent pour la cr\u00e9ation d\u2019une structure associative\">\n\t\t\t\t\t<div class=\"yotu-video-thumb-wrp\">\n\t\t\t\t\t\t<div>\n\t\t\t\t\t\t\t\t\t\t\t\t\t\t<img decoding=\"async\" class=\"yotu-video-thumb\" src=\"https:\/\/i.ytimg.com\/vi\/A28r278-o6U\/sddefault.jpg\" alt=\"Fili\u00e8re avicole\/Mouhoun : les acteurs s\u2019accordent pour la cr\u00e9ation d\u2019une structure associative\">\t\n\t\t\t\t\t\t\t\t\t\t\t\t\t<\/div>\n\t\t\t\t\t<\/div>\n\t\t\t\t\t\t\t\t\t\t\t<h3 class=\"yotu-video-title\">Fili\u00e8re avicole\/Mouhoun : les acteurs s\u2019accordent pour la cr\u00e9ation d\u2019une structure associative<\/h3>\n\t\t\t\t\t\t\t\t\t\t\t\t\t\t\t\t\t\t\t<\/a>\n\t\t\t\t\t\t\t<\/li>\n\t\t\t\t\n\t\t\t\t\t\t<li class=\"\">\n\t\t\t\t\t\t\t\t<a href=\"#hM-GXR6TTOc\" class=\"yotu-video\" data-videoid=\"hM-GXR6TTOc\" data-title=\"Lancement officiel de la police de proximit\u00e9 I Nisaniso\" title=\"Lancement officiel de la police de proximit\u00e9 I Nisaniso\">\n\t\t\t\t\t<div class=\"yotu-video-thumb-wrp\">\n\t\t\t\t\t\t<div>\n\t\t\t\t\t\t\t\t\t\t\t\t\t\t<img decoding=\"async\" class=\"yotu-video-thumb\" src=\"https:\/\/i.ytimg.com\/vi\/hM-GXR6TTOc\/sddefault.jpg\" alt=\"Lancement officiel de la police de proximit\u00e9 I Nisaniso\">\t\n\t\t\t\t\t\t\t\t\t\t\t\t\t<\/div>\n\t\t\t\t\t<\/div>\n\t\t\t\t\t\t\t\t\t\t\t<h3 class=\"yotu-video-title\">Lancement officiel de la police de proximit\u00e9 I Nisaniso<\/h3>\n\t\t\t\t\t\t\t\t\t\t\t\t\t\t\t\t\t\t\t<\/a>\n\t\t\t\t\t\t\t<\/li>\n\t\t\t\t\n\t\t\t\t\t\t<li class=\"\">\n\t\t\t\t\t\t\t\t<a href=\"#NJEvREVFqmM\" class=\"yotu-video\" data-videoid=\"NJEvREVFqmM\" data-title=\"D\u00e9dougou : Le Gouverneur constate l\u2019effectivit\u00e9 du fonctionnement de la boutique Faso Yaar\" title=\"D\u00e9dougou : Le Gouverneur constate l\u2019effectivit\u00e9 du fonctionnement de la boutique Faso Yaar\">\n\t\t\t\t\t<div class=\"yotu-video-thumb-wrp\">\n\t\t\t\t\t\t<div>\n\t\t\t\t\t\t\t\t\t\t\t\t\t\t<img decoding=\"async\" class=\"yotu-video-thumb\" src=\"https:\/\/i.ytimg.com\/vi\/NJEvREVFqmM\/sddefault.jpg\" alt=\"D\u00e9dougou : Le Gouverneur constate l\u2019effectivit\u00e9 du fonctionnement de la boutique Faso Yaar\">\t\n\t\t\t\t\t\t\t\t\t\t\t\t\t<\/div>\n\t\t\t\t\t<\/div>\n\t\t\t\t\t\t\t\t\t\t\t<h3 class=\"yotu-video-title\">D\u00e9dougou : Le Gouverneur constate l\u2019effectivit\u00e9 du fonctionnement de la boutique Faso Yaar<\/h3>\n\t\t\t\t\t\t\t\t\t\t\t\t\t\t\t\t\t\t\t<\/a>\n\t\t\t\t\t\t\t<\/li>\n\t\t\t\t\n\t\t\t\t\t\t<li class=\"\">\n\t\t\t\t\t\t\t\t<a href=\"#NMsyflzQJeQ\" class=\"yotu-video\" data-videoid=\"NMsyflzQJeQ\" data-title=\"Coup de filet du SRPJ-Bankui : deux r\u00e9seaux criminels d\u00e9mantel\u00e9s\" title=\"Coup de filet du SRPJ-Bankui : deux r\u00e9seaux criminels d\u00e9mantel\u00e9s\">\n\t\t\t\t\t<div class=\"yotu-video-thumb-wrp\">\n\t\t\t\t\t\t<div>\n\t\t\t\t\t\t\t\t\t\t\t\t\t\t<img decoding=\"async\" class=\"yotu-video-thumb\" src=\"https:\/\/i.ytimg.com\/vi\/NMsyflzQJeQ\/sddefault.jpg\" alt=\"Coup de filet du SRPJ-Bankui : deux r\u00e9seaux criminels d\u00e9mantel\u00e9s\">\t\n\t\t\t\t\t\t\t\t\t\t\t\t\t<\/div>\n\t\t\t\t\t<\/div>\n\t\t\t\t\t\t\t\t\t\t\t<h3 class=\"yotu-video-title\">Coup de filet du SRPJ-Bankui : deux r\u00e9seaux criminels d\u00e9mantel\u00e9s<\/h3>\n\t\t\t\t\t\t\t\t\t\t\t\t\t\t\t\t\t\t\t<\/a>\n\t\t\t\t\t\t\t<\/li>\n\t\t\t\t\n\t\t\t\t\t\t<li class=\"\">\n\t\t\t\t\t\t\t\t<a href=\"#HhSrGmX4_w0\" class=\"yotu-video\" data-videoid=\"HhSrGmX4_w0\" data-title=\"27 f\u00e9vrier 2026\" title=\"27 f\u00e9vrier 2026\">\n\t\t\t\t\t<div class=\"yotu-video-thumb-wrp\">\n\t\t\t\t\t\t<div>\n\t\t\t\t\t\t\t\t\t\t\t\t\t\t<img decoding=\"async\" class=\"yotu-video-thumb\" src=\"https:\/\/i.ytimg.com\/vi\/HhSrGmX4_w0\/sddefault.jpg\" alt=\"27 f\u00e9vrier 2026\">\t\n\t\t\t\t\t\t\t\t\t\t\t\t\t<\/div>\n\t\t\t\t\t<\/div>\n\t\t\t\t\t\t\t\t\t\t\t<h3 class=\"yotu-video-title\">27 f\u00e9vrier 2026<\/h3>\n\t\t\t\t\t\t\t\t\t\t\t\t\t\t\t\t\t\t\t<\/a>\n\t\t\t\t\t\t\t<\/li>\n\t\t\t\t\n\t\t\t\t\t\t<li class=\"\">\n\t\t\t\t\t\t\t\t<a href=\"#SQtKiJK2j6E\" class=\"yotu-video\" data-videoid=\"SQtKiJK2j6E\" data-title=\"Un nouveau b\u00e2timent d\\&#039;hospitalisation au sein du centre m\u00e9dical militaire de D\u00e9dougou\" title=\"Un nouveau b\u00e2timent d&#039;hospitalisation au sein du centre m\u00e9dical militaire de D\u00e9dougou\">\n\t\t\t\t\t<div class=\"yotu-video-thumb-wrp\">\n\t\t\t\t\t\t<div>\n\t\t\t\t\t\t\t\t\t\t\t\t\t\t<img decoding=\"async\" class=\"yotu-video-thumb\" src=\"https:\/\/i.ytimg.com\/vi\/SQtKiJK2j6E\/sddefault.jpg\" alt=\"Un nouveau b\u00e2timent d&#039;hospitalisation au sein du centre m\u00e9dical militaire de D\u00e9dougou\">\t\n\t\t\t\t\t\t\t\t\t\t\t\t\t<\/div>\n\t\t\t\t\t<\/div>\n\t\t\t\t\t\t\t\t\t\t\t<h3 class=\"yotu-video-title\">Un nouveau b\u00e2timent d'hospitalisation au sein du centre m\u00e9dical militaire de D\u00e9dougou<\/h3>\n\t\t\t\t\t\t\t\t\t\t\t\t\t\t\t\t\t\t\t<\/a>\n\t\t\t\t\t\t\t<\/li>\n\t\t\t\t\n\t\t\t\t\t\t<li class=\"\">\n\t\t\t\t\t\t\t\t<a href=\"#cbx9YiacK6w\" class=\"yotu-video\" data-videoid=\"cbx9YiacK6w\" data-title=\"D\u00e9fense nationale : 925 nouveaux soldats form\u00e9s \u00e0 D\u00e9dougou pr\u00eats \u00e0 servir la patrie\" title=\"D\u00e9fense nationale : 925 nouveaux soldats form\u00e9s \u00e0 D\u00e9dougou pr\u00eats \u00e0 servir la patrie\">\n\t\t\t\t\t<div class=\"yotu-video-thumb-wrp\">\n\t\t\t\t\t\t<div>\n\t\t\t\t\t\t\t\t\t\t\t\t\t\t<img decoding=\"async\" class=\"yotu-video-thumb\" src=\"https:\/\/i.ytimg.com\/vi\/cbx9YiacK6w\/sddefault.jpg\" alt=\"D\u00e9fense nationale : 925 nouveaux soldats form\u00e9s \u00e0 D\u00e9dougou pr\u00eats \u00e0 servir la patrie\">\t\n\t\t\t\t\t\t\t\t\t\t\t\t\t<\/div>\n\t\t\t\t\t<\/div>\n\t\t\t\t\t\t\t\t\t\t\t<h3 class=\"yotu-video-title\">D\u00e9fense nationale : 925 nouveaux soldats form\u00e9s \u00e0 D\u00e9dougou pr\u00eats \u00e0 servir la patrie<\/h3>\n\t\t\t\t\t\t\t\t\t\t\t\t\t\t\t\t\t\t\t<\/a>\n\t\t\t\t\t\t\t<\/li>\n\t\t\t\t\n\t\t\t\t\t\t<li class=\"\">\n\t\t\t\t\t\t\t\t<a href=\"#E2UYj4JH8l8\" class=\"yotu-video\" data-videoid=\"E2UYj4JH8l8\" data-title=\"Journal parl\u00e9 du 29 janvier 2026\" title=\"Journal parl\u00e9 du 29 janvier 2026\">\n\t\t\t\t\t<div class=\"yotu-video-thumb-wrp\">\n\t\t\t\t\t\t<div>\n\t\t\t\t\t\t\t\t\t\t\t\t\t\t<img decoding=\"async\" class=\"yotu-video-thumb\" src=\"https:\/\/i.ytimg.com\/vi\/E2UYj4JH8l8\/sddefault.jpg\" alt=\"Journal parl\u00e9 du 29 janvier 2026\">\t\n\t\t\t\t\t\t\t\t\t\t\t\t\t<\/div>\n\t\t\t\t\t<\/div>\n\t\t\t\t\t\t\t\t\t\t\t<h3 class=\"yotu-video-title\">Journal parl\u00e9 du 29 janvier 2026<\/h3>\n\t\t\t\t\t\t\t\t\t\t\t\t\t\t\t\t\t\t\t<\/a>\n\t\t\t\t\t\t\t<\/li>\n\t\t\t\t\n\t\t\t\t\t\t<li class=\"\">\n\t\t\t\t\t\t\t\t<a href=\"#_5MZh2OWY3w\" class=\"yotu-video\" data-videoid=\"_5MZh2OWY3w\" data-title=\"Echos du Mouhoun : Journal parl\u00e9 du 23 janvier 2026\" title=\"Echos du Mouhoun : Journal parl\u00e9 du 23 janvier 2026\">\n\t\t\t\t\t<div class=\"yotu-video-thumb-wrp\">\n\t\t\t\t\t\t<div>\n\t\t\t\t\t\t\t\t\t\t\t\t\t\t<img decoding=\"async\" class=\"yotu-video-thumb\" src=\"https:\/\/i.ytimg.com\/vi\/_5MZh2OWY3w\/sddefault.jpg\" alt=\"Echos du Mouhoun : Journal parl\u00e9 du 23 janvier 2026\">\t\n\t\t\t\t\t\t\t\t\t\t\t\t\t<\/div>\n\t\t\t\t\t<\/div>\n\t\t\t\t\t\t\t\t\t\t\t<h3 class=\"yotu-video-title\">Echos du Mouhoun : Journal parl\u00e9 du 23 janvier 2026<\/h3>\n\t\t\t\t\t\t\t\t\t\t\t\t\t\t\t\t\t\t\t<\/a>\n\t\t\t\t\t\t\t<\/li>\n\t\t\t\t\n\t\t\t\t\t\t<li class=\"\">\n\t\t\t\t\t\t\t\t<a href=\"#N4-nj9MYGh0\" class=\"yotu-video\" data-videoid=\"N4-nj9MYGh0\" data-title=\"Un arbre de No\u00ebl au profit des pupilles de la nation dans la garnison de D\u00e9dougou\" title=\"Un arbre de No\u00ebl au profit des pupilles de la nation dans la garnison de D\u00e9dougou\">\n\t\t\t\t\t<div class=\"yotu-video-thumb-wrp\">\n\t\t\t\t\t\t<div>\n\t\t\t\t\t\t\t\t\t\t\t\t\t\t<img decoding=\"async\" class=\"yotu-video-thumb\" src=\"https:\/\/i.ytimg.com\/vi\/N4-nj9MYGh0\/sddefault.jpg\" alt=\"Un arbre de No\u00ebl au profit des pupilles de la nation dans la garnison de D\u00e9dougou\">\t\n\t\t\t\t\t\t\t\t\t\t\t\t\t<\/div>\n\t\t\t\t\t<\/div>\n\t\t\t\t\t\t\t\t\t\t\t<h3 class=\"yotu-video-title\">Un arbre de No\u00ebl au profit des pupilles de la nation dans la garnison de D\u00e9dougou<\/h3>\n\t\t\t\t\t\t\t\t\t\t\t\t\t\t\t\t\t\t\t<\/a>\n\t\t\t\t\t\t\t<\/li>\n\t\t\t\t\n\t\t\t\t\t\t<li class=\"\">\n\t\t\t\t\t\t\t\t<a href=\"#T2vGz6zYC-A\" class=\"yotu-video\" data-videoid=\"T2vGz6zYC-A\" data-title=\"Un r\u00e9veillon du nouvel an pour les bless\u00e9s et victimes de guerre\" title=\"Un r\u00e9veillon du nouvel an pour les bless\u00e9s et victimes de guerre\">\n\t\t\t\t\t<div class=\"yotu-video-thumb-wrp\">\n\t\t\t\t\t\t<div>\n\t\t\t\t\t\t\t\t\t\t\t\t\t\t<img decoding=\"async\" class=\"yotu-video-thumb\" src=\"https:\/\/i.ytimg.com\/vi\/T2vGz6zYC-A\/sddefault.jpg\" alt=\"Un r\u00e9veillon du nouvel an pour les bless\u00e9s et victimes de guerre\">\t\n\t\t\t\t\t\t\t\t\t\t\t\t\t<\/div>\n\t\t\t\t\t<\/div>\n\t\t\t\t\t\t\t\t\t\t\t<h3 class=\"yotu-video-title\">Un r\u00e9veillon du nouvel an pour les bless\u00e9s et victimes de guerre<\/h3>\n\t\t\t\t\t\t\t\t\t\t\t\t\t\t\t\t\t\t\t<\/a>\n\t\t\t\t\t\t\t<\/li>\n\t\t\t\t\n\t\t\t\t\t\t<li class=\"\">\n\t\t\t\t\t\t\t\t<a href=\"#FeqBYNhcIwY\" class=\"yotu-video\" data-videoid=\"FeqBYNhcIwY\" data-title=\"D\u00e9dougou : Op\u00e9ration de s\u00e9curisation des f\u00eates par la police nationale\" title=\"D\u00e9dougou : Op\u00e9ration de s\u00e9curisation des f\u00eates par la police nationale\">\n\t\t\t\t\t<div class=\"yotu-video-thumb-wrp\">\n\t\t\t\t\t\t<div>\n\t\t\t\t\t\t\t\t\t\t\t\t\t\t<img decoding=\"async\" class=\"yotu-video-thumb\" src=\"https:\/\/i.ytimg.com\/vi\/FeqBYNhcIwY\/sddefault.jpg\" alt=\"D\u00e9dougou : Op\u00e9ration de s\u00e9curisation des f\u00eates par la police nationale\">\t\n\t\t\t\t\t\t\t\t\t\t\t\t\t<\/div>\n\t\t\t\t\t<\/div>\n\t\t\t\t\t\t\t\t\t\t\t<h3 class=\"yotu-video-title\">D\u00e9dougou : Op\u00e9ration de s\u00e9curisation des f\u00eates par la police nationale<\/h3>\n\t\t\t\t\t\t\t\t\t\t\t\t\t\t\t\t\t\t\t<\/a>\n\t\t\t\t\t\t\t<\/li>\n\t\t\t\t\n\t\t\t\t\t\t<li class=\"\">\n\t\t\t\t\t\t\t\t<a href=\"#2fcGxfUeWRU\" class=\"yotu-video\" data-videoid=\"2fcGxfUeWRU\" data-title=\"Conf\u00e9rence de presse de la DRPN R\u00c9GION DE BANKUI, BILAN DE 2025\" title=\"Conf\u00e9rence de presse de la DRPN R\u00c9GION DE BANKUI, BILAN DE 2025\">\n\t\t\t\t\t<div class=\"yotu-video-thumb-wrp\">\n\t\t\t\t\t\t<div>\n\t\t\t\t\t\t\t\t\t\t\t\t\t\t<img decoding=\"async\" class=\"yotu-video-thumb\" src=\"https:\/\/i.ytimg.com\/vi\/2fcGxfUeWRU\/sddefault.jpg\" alt=\"Conf\u00e9rence de presse de la DRPN R\u00c9GION DE BANKUI, BILAN DE 2025\">\t\n\t\t\t\t\t\t\t\t\t\t\t\t\t<\/div>\n\t\t\t\t\t<\/div>\n\t\t\t\t\t\t\t\t\t\t\t<h3 class=\"yotu-video-title\">Conf\u00e9rence de presse de la DRPN R\u00c9GION DE BANKUI, BILAN DE 2025<\/h3>\n\t\t\t\t\t\t\t\t\t\t\t\t\t\t\t\t\t\t\t<\/a>\n\t\t\t\t\t\t\t<\/li>\n\t\t\t\t\n\t\t\t\t\t\t<li class=\"\">\n\t\t\t\t\t\t\t\t<a href=\"#M9Pqvg0kxXA\" class=\"yotu-video\" data-videoid=\"M9Pqvg0kxXA\" data-title=\"C\u00e9r\u00e9monie d\\&#039;ouverture de la 4 \u00e8 \u00e9dition Semaine de Solidarit\u00e9 ville-campagne InadesFormation Burkina\" title=\"C\u00e9r\u00e9monie d&#039;ouverture de la 4 \u00e8 \u00e9dition Semaine de Solidarit\u00e9 ville-campagne InadesFormation Burkina\">\n\t\t\t\t\t<div class=\"yotu-video-thumb-wrp\">\n\t\t\t\t\t\t<div>\n\t\t\t\t\t\t\t\t\t\t\t\t\t\t<img decoding=\"async\" class=\"yotu-video-thumb\" src=\"https:\/\/i.ytimg.com\/vi\/M9Pqvg0kxXA\/sddefault.jpg\" alt=\"C\u00e9r\u00e9monie d&#039;ouverture de la 4 \u00e8 \u00e9dition Semaine de Solidarit\u00e9 ville-campagne InadesFormation Burkina\">\t\n\t\t\t\t\t\t\t\t\t\t\t\t\t<\/div>\n\t\t\t\t\t<\/div>\n\t\t\t\t\t\t\t\t\t\t\t<h3 class=\"yotu-video-title\">C\u00e9r\u00e9monie d'ouverture de la 4 \u00e8 \u00e9dition Semaine de Solidarit\u00e9 ville-campagne InadesFormation Burkina<\/h3>\n\t\t\t\t\t\t\t\t\t\t\t\t\t\t\t\t\t\t\t<\/a>\n\t\t\t\t\t\t\t<\/li>\n\t\t\t\t\n\t\t\t\t\t\t<li class=\"\">\n\t\t\t\t\t\t\t\t<a href=\"#a-Aa0SwiVZs\" class=\"yotu-video\" data-videoid=\"a-Aa0SwiVZs\" data-title=\"Atelier de formation des productrices et producteurs sur le marketing agricole\" title=\"Atelier de formation des productrices et producteurs sur le marketing agricole\">\n\t\t\t\t\t<div class=\"yotu-video-thumb-wrp\">\n\t\t\t\t\t\t<div>\n\t\t\t\t\t\t\t\t\t\t\t\t\t\t<img decoding=\"async\" class=\"yotu-video-thumb\" src=\"https:\/\/i.ytimg.com\/vi\/a-Aa0SwiVZs\/sddefault.jpg\" alt=\"Atelier de formation des productrices et producteurs sur le marketing agricole\">\t\n\t\t\t\t\t\t\t\t\t\t\t\t\t<\/div>\n\t\t\t\t\t<\/div>\n\t\t\t\t\t\t\t\t\t\t\t<h3 class=\"yotu-video-title\">Atelier de formation des productrices et producteurs sur le marketing agricole<\/h3>\n\t\t\t\t\t\t\t\t\t\t\t\t\t\t\t\t\t\t\t<\/a>\n\t\t\t\t\t\t\t<\/li>\n\t\t\t\t\n\t\t\t\t\t\t<li class=\"\">\n\t\t\t\t\t\t\t\t<a href=\"#4S1Zcwd63Yg\" class=\"yotu-video\" data-videoid=\"4S1Zcwd63Yg\" data-title=\"Dons des Eglises et Missions Evang\u00e9liques du Mouhoun \u00e0 Faso MEBO\" title=\"Dons des Eglises et Missions Evang\u00e9liques du Mouhoun \u00e0 Faso MEBO\">\n\t\t\t\t\t<div class=\"yotu-video-thumb-wrp\">\n\t\t\t\t\t\t<div>\n\t\t\t\t\t\t\t\t\t\t\t\t\t\t<img decoding=\"async\" class=\"yotu-video-thumb\" src=\"https:\/\/i.ytimg.com\/vi\/4S1Zcwd63Yg\/sddefault.jpg\" alt=\"Dons des Eglises et Missions Evang\u00e9liques du Mouhoun \u00e0 Faso MEBO\">\t\n\t\t\t\t\t\t\t\t\t\t\t\t\t<\/div>\n\t\t\t\t\t<\/div>\n\t\t\t\t\t\t\t\t\t\t\t<h3 class=\"yotu-video-title\">Dons des Eglises et Missions Evang\u00e9liques du Mouhoun \u00e0 Faso MEBO<\/h3>\n\t\t\t\t\t\t\t\t\t\t\t\t\t\t\t\t\t\t\t<\/a>\n\t\t\t\t\t\t\t<\/li>\n\t\t\t\t\n\t\t\t\t\t\t<li class=\"\">\n\t\t\t\t\t\t\t\t<a href=\"#TZbvw0otw44\" class=\"yotu-video\" data-videoid=\"TZbvw0otw44\" data-title=\"D\u00e9dougou : Atelier de Redevabilit\u00e9 du Projet Flash organis\u00e9 par l\\&#039;ONG ASMADE\" title=\"D\u00e9dougou : Atelier de Redevabilit\u00e9 du Projet Flash organis\u00e9 par l&#039;ONG ASMADE\">\n\t\t\t\t\t<div class=\"yotu-video-thumb-wrp\">\n\t\t\t\t\t\t<div>\n\t\t\t\t\t\t\t\t\t\t\t\t\t\t<img decoding=\"async\" class=\"yotu-video-thumb\" src=\"https:\/\/i.ytimg.com\/vi\/TZbvw0otw44\/sddefault.jpg\" alt=\"D\u00e9dougou : Atelier de Redevabilit\u00e9 du Projet Flash organis\u00e9 par l&#039;ONG ASMADE\">\t\n\t\t\t\t\t\t\t\t\t\t\t\t\t<\/div>\n\t\t\t\t\t<\/div>\n\t\t\t\t\t\t\t\t\t\t\t<h3 class=\"yotu-video-title\">D\u00e9dougou : Atelier de Redevabilit\u00e9 du Projet Flash organis\u00e9 par l'ONG ASMADE<\/h3>\n\t\t\t\t\t\t\t\t\t\t\t\t\t\t\t\t\t\t\t<\/a>\n\t\t\t\t\t\t\t<\/li>\n\t\t\t\t\n\t\t\t\t\t\t<li class=\"\">\n\t\t\t\t\t\t\t\t<a href=\"#pOnFIxzQDXo\" class=\"yotu-video\" data-videoid=\"pOnFIxzQDXo\" data-title=\"Jubil\u00e9 d\\&#039;argent du dioc\u00e8se de D\u00e9dougou : les assises dioc\u00e9saines pour mieux penser l\\&#039;avenir\" title=\"Jubil\u00e9 d&#039;argent du dioc\u00e8se de D\u00e9dougou : les assises dioc\u00e9saines pour mieux penser l&#039;avenir\">\n\t\t\t\t\t<div class=\"yotu-video-thumb-wrp\">\n\t\t\t\t\t\t<div>\n\t\t\t\t\t\t\t\t\t\t\t\t\t\t<img decoding=\"async\" class=\"yotu-video-thumb\" src=\"https:\/\/i.ytimg.com\/vi\/pOnFIxzQDXo\/sddefault.jpg\" alt=\"Jubil\u00e9 d&#039;argent du dioc\u00e8se de D\u00e9dougou : les assises dioc\u00e9saines pour mieux penser l&#039;avenir\">\t\n\t\t\t\t\t\t\t\t\t\t\t\t\t<\/div>\n\t\t\t\t\t<\/div>\n\t\t\t\t\t\t\t\t\t\t\t<h3 class=\"yotu-video-title\">Jubil\u00e9 d'argent du dioc\u00e8se de D\u00e9dougou : les assises dioc\u00e9saines pour mieux penser l'avenir<\/h3>\n\t\t\t\t\t\t\t\t\t\t\t\t\t\t\t\t\t\t\t<\/a>\n\t\t\t\t\t\t\t<\/li>\n\t\t\t\t\n\t\t\t\t\t\t<li class=\"\">\n\t\t\t\t\t\t\t\t<a href=\"#wGI2vRmAlPI\" class=\"yotu-video\" data-videoid=\"wGI2vRmAlPI\" data-title=\"21 novembre 2025\" title=\"21 novembre 2025\">\n\t\t\t\t\t<div class=\"yotu-video-thumb-wrp\">\n\t\t\t\t\t\t<div>\n\t\t\t\t\t\t\t\t\t\t\t\t\t\t<img decoding=\"async\" class=\"yotu-video-thumb\" src=\"https:\/\/i.ytimg.com\/vi\/wGI2vRmAlPI\/sddefault.jpg\" alt=\"21 novembre 2025\">\t\n\t\t\t\t\t\t\t\t\t\t\t\t\t<\/div>\n\t\t\t\t\t<\/div>\n\t\t\t\t\t\t\t\t\t\t\t<h3 class=\"yotu-video-title\">21 novembre 2025<\/h3>\n\t\t\t\t\t\t\t\t\t\t\t\t\t\t\t\t\t\t\t<\/a>\n\t\t\t\t\t\t\t<\/li>\n\t\t\t\t\n\t\t\t\t\t\t<li class=\"\">\n\t\t\t\t\t\t\t\t<a href=\"#_VozuTV5_TM\" class=\"yotu-video\" data-videoid=\"_VozuTV5_TM\" data-title=\"Journ\u00e9es promotionnelles \u00e0 Boromo sur le couplage mutuelle sociale et institutions de micro-finance\" title=\"Journ\u00e9es promotionnelles \u00e0 Boromo sur le couplage mutuelle sociale et institutions de micro-finance\">\n\t\t\t\t\t<div class=\"yotu-video-thumb-wrp\">\n\t\t\t\t\t\t<div>\n\t\t\t\t\t\t\t\t\t\t\t\t\t\t<img decoding=\"async\" class=\"yotu-video-thumb\" src=\"https:\/\/i.ytimg.com\/vi\/_VozuTV5_TM\/sddefault.jpg\" alt=\"Journ\u00e9es promotionnelles \u00e0 Boromo sur le couplage mutuelle sociale et institutions de micro-finance\">\t\n\t\t\t\t\t\t\t\t\t\t\t\t\t<\/div>\n\t\t\t\t\t<\/div>\n\t\t\t\t\t\t\t\t\t\t\t<h3 class=\"yotu-video-title\">Journ\u00e9es promotionnelles \u00e0 Boromo sur le couplage mutuelle sociale et institutions de micro-finance<\/h3>\n\t\t\t\t\t\t\t\t\t\t\t\t\t\t\t\t\t\t\t<\/a>\n\t\t\t\t\t\t\t<\/li>\n\t\t\t\t\n\t\t\t\t\t\t<li class=\"\">\n\t\t\t\t\t\t\t\t<a href=\"#1ppO-f09IHk\" class=\"yotu-video\" data-videoid=\"1ppO-f09IHk\" data-title=\"Cadre de concertation des acteurs des M\u00e9dias de l\\&#039;ex B MH\" title=\"Cadre de concertation des acteurs des M\u00e9dias de l&#039;ex B MH\">\n\t\t\t\t\t<div class=\"yotu-video-thumb-wrp\">\n\t\t\t\t\t\t<div>\n\t\t\t\t\t\t\t\t\t\t\t\t\t\t<img decoding=\"async\" class=\"yotu-video-thumb\" src=\"https:\/\/i.ytimg.com\/vi\/1ppO-f09IHk\/sddefault.jpg\" alt=\"Cadre de concertation des acteurs des M\u00e9dias de l&#039;ex B MH\">\t\n\t\t\t\t\t\t\t\t\t\t\t\t\t<\/div>\n\t\t\t\t\t<\/div>\n\t\t\t\t\t\t\t\t\t\t\t<h3 class=\"yotu-video-title\">Cadre de concertation des acteurs des M\u00e9dias de l'ex B MH<\/h3>\n\t\t\t\t\t\t\t\t\t\t\t\t\t\t\t\t\t\t\t<\/a>\n\t\t\t\t\t\t\t<\/li>\n\t\t\t\t\n\t\t\t\t\t\t<li class=\"\">\n\t\t\t\t\t\t\t\t<a href=\"#pKtdfft0wTw\" class=\"yotu-video\" data-videoid=\"pKtdfft0wTw\" data-title=\"1 novembre 2025\" title=\"1 novembre 2025\">\n\t\t\t\t\t<div class=\"yotu-video-thumb-wrp\">\n\t\t\t\t\t\t<div>\n\t\t\t\t\t\t\t\t\t\t\t\t\t\t<img decoding=\"async\" class=\"yotu-video-thumb\" src=\"https:\/\/i.ytimg.com\/vi\/pKtdfft0wTw\/sddefault.jpg\" alt=\"1 novembre 2025\">\t\n\t\t\t\t\t\t\t\t\t\t\t\t\t<\/div>\n\t\t\t\t\t<\/div>\n\t\t\t\t\t\t\t\t\t\t\t<h3 class=\"yotu-video-title\">1 novembre 2025<\/h3>\n\t\t\t\t\t\t\t\t\t\t\t\t\t\t\t\t\t\t\t<\/a>\n\t\t\t\t\t\t\t<\/li>\n\t\t\t\t\n\t\t\t\t\t\t<li class=\" yotu-last\">\n\t\t\t\t\t\t\t\t<a href=\"#ZR2u8bM0Zrc\" class=\"yotu-video\" data-videoid=\"ZR2u8bM0Zrc\" data-title=\"Ouverture de la 1\u00e8re \u00e9dition du festival \u00c9clats de Culture\" title=\"Ouverture de la 1\u00e8re \u00e9dition du festival \u00c9clats de Culture\">\n\t\t\t\t\t<div class=\"yotu-video-thumb-wrp\">\n\t\t\t\t\t\t<div>\n\t\t\t\t\t\t\t\t\t\t\t\t\t\t<img decoding=\"async\" class=\"yotu-video-thumb\" src=\"https:\/\/i.ytimg.com\/vi\/ZR2u8bM0Zrc\/sddefault.jpg\" alt=\"Ouverture de la 1\u00e8re \u00e9dition du festival \u00c9clats de Culture\">\t\n\t\t\t\t\t\t\t\t\t\t\t\t\t<\/div>\n\t\t\t\t\t<\/div>\n\t\t\t\t\t\t\t\t\t\t\t<h3 class=\"yotu-video-title\">Ouverture de la 1\u00e8re \u00e9dition du festival \u00c9clats de Culture<\/h3>\n\t\t\t\t\t\t\t\t\t\t\t\t\t\t\t\t\t\t\t<\/a>\n\t\t\t\t\t\t\t<\/li>\n\t\t\t\t\n\t\t\t\t<\/ul>\n<\/div><div class=\"yotu-pagination yotu-pager_layout-default yotu-pagination-bottom\">\n<a href=\"#\" class=\"yotu-pagination-prev yotu-button-prs yotu-button-prs-1\" data-page=\"prev\">Prev<\/a>\n<span class=\"yotu-pagination-current\">1<\/span> <span>of<\/span> <span class=\"yotu-pagination-total\">4<\/span>\n<a href=\"#\" class=\"yotu-pagination-next yotu-button-prs yotu-button-prs-1\" data-page=\"next\">Next<\/a>\n<\/div>\n\t\t\t\t<\/div>\n\t\t\t<\/div>\n\t\t\t\n<p>&nbsp;<\/p>\n","protected":false},"excerpt":{"rendered":"<p>&nbsp;<\/p>\n","protected":false},"author":1,"featured_media":0,"parent":0,"menu_order":0,"comment_status":"closed","ping_status":"closed","template":"","meta":{"_monsterinsights_skip_tracking":false,"_monsterinsights_sitenote_active":false,"_monsterinsights_sitenote_note":"","_monsterinsights_sitenote_category":0,"footnotes":""},"class_list":["post-1493","page","type-page","status-publish","hentry"],"aioseo_notices":[],"_links":{"self":[{"href":"https:\/\/echosdumouhoun.net\/index.php\/wp-json\/wp\/v2\/pages\/1493","targetHints":{"allow":["GET"]}}],"collection":[{"href":"https:\/\/echosdumouhoun.net\/index.php\/wp-json\/wp\/v2\/pages"}],"about":[{"href":"https:\/\/echosdumouhoun.net\/index.php\/wp-json\/wp\/v2\/types\/page"}],"author":[{"embeddable":true,"href":"https:\/\/echosdumouhoun.net\/index.php\/wp-json\/wp\/v2\/users\/1"}],"replies":[{"embeddable":true,"href":"https:\/\/echosdumouhoun.net\/index.php\/wp-json\/wp\/v2\/comments?post=1493"}],"version-history":[{"count":5,"href":"https:\/\/echosdumouhoun.net\/index.php\/wp-json\/wp\/v2\/pages\/1493\/revisions"}],"predecessor-version":[{"id":1562,"href":"https:\/\/echosdumouhoun.net\/index.php\/wp-json\/wp\/v2\/pages\/1493\/revisions\/1562"}],"wp:attachment":[{"href":"https:\/\/echosdumouhoun.net\/index.php\/wp-json\/wp\/v2\/media?parent=1493"}],"curies":[{"name":"wp","href":"https:\/\/api.w.org\/{rel}","templated":true}]}}